{"id":2631,"date":"2017-06-18T19:09:07","date_gmt":"2017-06-18T17:09:07","guid":{"rendered":"http:\/\/ld-wp.template-help.com\/wordpress_65550-sample\/?page_id=2631"},"modified":"2018-05-30T11:24:36","modified_gmt":"2018-05-30T09:24:36","slug":"collection-livres","status":"publish","type":"page","link":"https:\/\/jeanmarcmouchet.fr\/index.php\/collection-livres\/","title":{"rendered":"Collection Livres"},"content":{"rendered":"\t\t<div data-elementor-type=\"wp-post\" data-elementor-id=\"2631\" class=\"elementor elementor-2631 elementor-bc-flex-widget\">\n\t\t\t\t\t\t\t\t\t<section class=\"elementor-section elementor-top-section elementor-element elementor-element-db01b1d elementor-section-boxed elementor-section-height-default elementor-section-height-default\" data-id=\"db01b1d\" data-element_type=\"section\">\n\t\t\t\t\t\t<div class=\"elementor-container elementor-column-gap-default\">\n\t\t\t\t\t<div class=\"elementor-column elementor-col-100 elementor-top-column elementor-element elementor-element-360cb72\" data-id=\"360cb72\" data-element_type=\"column\">\n\t\t\t<div class=\"elementor-widget-wrap elementor-element-populated\">\n\t\t\t\t\t\t\t\t<div class=\"elementor-element elementor-element-f8c4b25 elementor-widget elementor-widget-text-editor\" data-id=\"f8c4b25\" data-element_type=\"widget\" data-widget_type=\"text-editor.default\">\n\t\t\t\t<div class=\"elementor-widget-container\">\n\t\t\t\t\t\t\t<p><span style=\"text-align: center;\">Nous vous invitons \u00e0 feuilleter notre collection de livres qui comprend \u00e0 ce jour 3 volumes.<\/span><br style=\"text-align: center;\" \/><span style=\"text-align: center;\">Si vous souhaitez recevoir un exemplaire imprim\u00e9, merci de cliquer sur\u00a0<\/span><a style=\"background-color: #ffffff; text-align: center;\" href=\"http:\/\/jeanmarcmouchet.fr\/contacts\/\">le lien suivant<\/a><span style=\"text-align: center;\">.<\/span><\/p>\t\t\t\t\t\t<\/div>\n\t\t\t\t<\/div>\n\t\t\t\t\t<\/div>\n\t\t<\/div>\n\t\t\t\t\t\t\t<\/div>\n\t\t<\/section>\n\t\t\t\t<section class=\"elementor-section elementor-top-section elementor-element elementor-element-2v71va9 elementor-section-content-top elementor-section-boxed elementor-section-height-default elementor-section-height-default\" data-id=\"2v71va9\" data-element_type=\"section\">\n\t\t\t\t\t\t<div class=\"elementor-container elementor-column-gap-default\">\n\t\t\t\t\t<div class=\"elementor-column elementor-col-100 elementor-top-column elementor-element elementor-element-aug4qq8\" data-id=\"aug4qq8\" data-element_type=\"column\">\n\t\t\t<div class=\"elementor-widget-wrap elementor-element-populated\">\n\t\t\t\t\t\t\t\t<div class=\"elementor-element elementor-element-2asygl0 elementor-widget elementor-widget-cherry_team\" data-id=\"2asygl0\" data-element_type=\"widget\" data-widget_type=\"cherry_team.default\">\n\t\t\t\t<div class=\"elementor-widget-container\">\n\t\t\t\t\t<div class=\"elementor-\"><div class=\"team-container\"><div class=\"cherry-team team-wrap template-default\" data-atts='{\"limit\":6,\"orderby\":\"date\",\"order\":\"DESC\",\"group\":\"\",\"id\":\"\",\"more\":false,\"more_text\":\"More\",\"more_url\":\"#\",\"ajax_more\":true,\"show_name\":true,\"show_photo\":true,\"show_desc\":true,\"show_position\":false,\"show_social\":false,\"show_item_more\":true,\"item_more_text\":\"En savoir plus\",\"show_filters\":false,\"use_space\":true,\"use_rows_space\":true,\"size\":\"johnnygo-thumb-m\",\"echo\":false,\"title\":\"\",\"excerpt_length\":\"10\",\"wrap_class\":\"team-wrap\",\"col_xs\":1,\"col_sm\":1,\"col_md\":3,\"col_xl\":3,\"before_title\":\"<h2>\",\"after_title\":\"<\\\/h2>\",\"pager\":false,\"paged\":1,\"template\":\"default.tmpl\",\"item_class\":\" team-item\",\"container\":\"<div class=\\\"team-listing cherry-team-row\\\">%s<\\\/div>\"}'  data-pages=\"1\" data-page=\"1\" data-groups=\"\"><div class=\"team-listing cherry-team-row\"><div id=\"team-5248\" class=\" team-item item-1 clearfix odd col_xs_1 col_sm_1 col_md_3 col_xl_3\"><div class=\"team-listing_photo__wrap\">\n\t<div class=\"team-listing_photo\"><a href=\"https:\/\/jeanmarcmouchet.fr\/index.php\/team\/livre-l\/\"><img fetchpriority=\"high\" decoding=\"async\" width=\"1050\" height=\"1050\" src=\"https:\/\/jeanmarcmouchet.fr\/wp-content\/uploads\/2018\/03\/couvertures-3D-livre-l.jpg\" class=\"avatar wp-post-image\" alt=\"Variations autour du blanc\" srcset=\"https:\/\/jeanmarcmouchet.fr\/wp-content\/uploads\/2018\/03\/couvertures-3D-livre-l.jpg 1050w, https:\/\/jeanmarcmouchet.fr\/wp-content\/uploads\/2018\/03\/couvertures-3D-livre-l-150x150.jpg 150w, https:\/\/jeanmarcmouchet.fr\/wp-content\/uploads\/2018\/03\/couvertures-3D-livre-l-300x300.jpg 300w, https:\/\/jeanmarcmouchet.fr\/wp-content\/uploads\/2018\/03\/couvertures-3D-livre-l-768x768.jpg 768w, https:\/\/jeanmarcmouchet.fr\/wp-content\/uploads\/2018\/03\/couvertures-3D-livre-l-1024x1024.jpg 1024w, https:\/\/jeanmarcmouchet.fr\/wp-content\/uploads\/2018\/03\/couvertures-3D-livre-l-460x460.jpg 460w, https:\/\/jeanmarcmouchet.fr\/wp-content\/uploads\/2018\/03\/couvertures-3D-livre-l-560x560.jpg 560w, https:\/\/jeanmarcmouchet.fr\/wp-content\/uploads\/2018\/03\/couvertures-3D-livre-l-260x260.jpg 260w, https:\/\/jeanmarcmouchet.fr\/wp-content\/uploads\/2018\/03\/couvertures-3D-livre-l-78x78.jpg 78w, https:\/\/jeanmarcmouchet.fr\/wp-content\/uploads\/2018\/03\/couvertures-3D-livre-l-400x400.jpg 400w, https:\/\/jeanmarcmouchet.fr\/wp-content\/uploads\/2018\/03\/couvertures-3D-livre-l-900x900.jpg 900w, https:\/\/jeanmarcmouchet.fr\/wp-content\/uploads\/2018\/03\/couvertures-3D-livre-l-675x675.jpg 675w, https:\/\/jeanmarcmouchet.fr\/wp-content\/uploads\/2018\/03\/couvertures-3D-livre-l-286x286.jpg 286w, https:\/\/jeanmarcmouchet.fr\/wp-content\/uploads\/2018\/03\/couvertures-3D-livre-l-450x450.jpg 450w\" sizes=\"(max-width: 1050px) 100vw, 1050px\" \/><\/a><\/div>\n\n\t<div class=\"team-listing_photo__overflow\">\n\t\t<a href=\"https:\/\/jeanmarcmouchet.fr\/index.php\/team\/livre-l\/\" class=\"btn btn-primary\">En savoir plus<\/a>\n\t<\/div>\n<\/div>\n\n<h6 class=\"team-listing_name\"><a href=\"https:\/\/jeanmarcmouchet.fr\/index.php\/team\/livre-l\/\">Variations autour du blanc<\/a><\/h6>\n\n\n\n\n<\/div><!--\/.team-item--><div id=\"team-5246\" class=\" team-item item-2 clearfix even col_xs_1 col_sm_1 col_md_3 col_xl_3\"><div class=\"team-listing_photo__wrap\">\n\t<div class=\"team-listing_photo\"><a href=\"https:\/\/jeanmarcmouchet.fr\/index.php\/team\/livre-ll\/\"><img decoding=\"async\" width=\"1050\" height=\"1050\" src=\"https:\/\/jeanmarcmouchet.fr\/wp-content\/uploads\/2018\/03\/couvertures-3D-livre-ll.jpg\" class=\"avatar wp-post-image\" alt=\"L&#8217; artisanat au sommet\" srcset=\"https:\/\/jeanmarcmouchet.fr\/wp-content\/uploads\/2018\/03\/couvertures-3D-livre-ll.jpg 1050w, https:\/\/jeanmarcmouchet.fr\/wp-content\/uploads\/2018\/03\/couvertures-3D-livre-ll-150x150.jpg 150w, https:\/\/jeanmarcmouchet.fr\/wp-content\/uploads\/2018\/03\/couvertures-3D-livre-ll-300x300.jpg 300w, https:\/\/jeanmarcmouchet.fr\/wp-content\/uploads\/2018\/03\/couvertures-3D-livre-ll-768x768.jpg 768w, https:\/\/jeanmarcmouchet.fr\/wp-content\/uploads\/2018\/03\/couvertures-3D-livre-ll-1024x1024.jpg 1024w, https:\/\/jeanmarcmouchet.fr\/wp-content\/uploads\/2018\/03\/couvertures-3D-livre-ll-460x460.jpg 460w, https:\/\/jeanmarcmouchet.fr\/wp-content\/uploads\/2018\/03\/couvertures-3D-livre-ll-560x560.jpg 560w, https:\/\/jeanmarcmouchet.fr\/wp-content\/uploads\/2018\/03\/couvertures-3D-livre-ll-260x260.jpg 260w, https:\/\/jeanmarcmouchet.fr\/wp-content\/uploads\/2018\/03\/couvertures-3D-livre-ll-78x78.jpg 78w, https:\/\/jeanmarcmouchet.fr\/wp-content\/uploads\/2018\/03\/couvertures-3D-livre-ll-400x400.jpg 400w, https:\/\/jeanmarcmouchet.fr\/wp-content\/uploads\/2018\/03\/couvertures-3D-livre-ll-900x900.jpg 900w, https:\/\/jeanmarcmouchet.fr\/wp-content\/uploads\/2018\/03\/couvertures-3D-livre-ll-675x675.jpg 675w, https:\/\/jeanmarcmouchet.fr\/wp-content\/uploads\/2018\/03\/couvertures-3D-livre-ll-286x286.jpg 286w, https:\/\/jeanmarcmouchet.fr\/wp-content\/uploads\/2018\/03\/couvertures-3D-livre-ll-450x450.jpg 450w\" sizes=\"(max-width: 1050px) 100vw, 1050px\" \/><\/a><\/div>\n\n\t<div class=\"team-listing_photo__overflow\">\n\t\t<a href=\"https:\/\/jeanmarcmouchet.fr\/index.php\/team\/livre-ll\/\" class=\"btn btn-primary\">En savoir plus<\/a>\n\t<\/div>\n<\/div>\n\n<h6 class=\"team-listing_name\"><a href=\"https:\/\/jeanmarcmouchet.fr\/index.php\/team\/livre-ll\/\">L&#8217; artisanat au sommet<\/a><\/h6>\n\n\n\n\n<\/div><!--\/.team-item--><div id=\"team-6420\" class=\" team-item item-3 clearfix odd col_xs_1 col_sm_1 col_md_3 col_xl_3\"><div class=\"team-listing_photo__wrap\">\n\t<div class=\"team-listing_photo\"><a href=\"https:\/\/jeanmarcmouchet.fr\/index.php\/team\/livre-iii\/\"><img decoding=\"async\" width=\"1050\" height=\"1050\" src=\"https:\/\/jeanmarcmouchet.fr\/wp-content\/uploads\/2018\/03\/couvertures-3D-livre-lll.jpg\" class=\"avatar wp-post-image\" alt=\"Couture\" srcset=\"https:\/\/jeanmarcmouchet.fr\/wp-content\/uploads\/2018\/03\/couvertures-3D-livre-lll.jpg 1050w, https:\/\/jeanmarcmouchet.fr\/wp-content\/uploads\/2018\/03\/couvertures-3D-livre-lll-150x150.jpg 150w, https:\/\/jeanmarcmouchet.fr\/wp-content\/uploads\/2018\/03\/couvertures-3D-livre-lll-300x300.jpg 300w, https:\/\/jeanmarcmouchet.fr\/wp-content\/uploads\/2018\/03\/couvertures-3D-livre-lll-768x768.jpg 768w, https:\/\/jeanmarcmouchet.fr\/wp-content\/uploads\/2018\/03\/couvertures-3D-livre-lll-1024x1024.jpg 1024w, https:\/\/jeanmarcmouchet.fr\/wp-content\/uploads\/2018\/03\/couvertures-3D-livre-lll-460x460.jpg 460w, https:\/\/jeanmarcmouchet.fr\/wp-content\/uploads\/2018\/03\/couvertures-3D-livre-lll-560x560.jpg 560w, https:\/\/jeanmarcmouchet.fr\/wp-content\/uploads\/2018\/03\/couvertures-3D-livre-lll-260x260.jpg 260w, https:\/\/jeanmarcmouchet.fr\/wp-content\/uploads\/2018\/03\/couvertures-3D-livre-lll-78x78.jpg 78w, https:\/\/jeanmarcmouchet.fr\/wp-content\/uploads\/2018\/03\/couvertures-3D-livre-lll-400x400.jpg 400w, https:\/\/jeanmarcmouchet.fr\/wp-content\/uploads\/2018\/03\/couvertures-3D-livre-lll-900x900.jpg 900w, https:\/\/jeanmarcmouchet.fr\/wp-content\/uploads\/2018\/03\/couvertures-3D-livre-lll-675x675.jpg 675w, https:\/\/jeanmarcmouchet.fr\/wp-content\/uploads\/2018\/03\/couvertures-3D-livre-lll-286x286.jpg 286w, https:\/\/jeanmarcmouchet.fr\/wp-content\/uploads\/2018\/03\/couvertures-3D-livre-lll-450x450.jpg 450w\" sizes=\"(max-width: 1050px) 100vw, 1050px\" \/><\/a><\/div>\n\n\t<div class=\"team-listing_photo__overflow\">\n\t\t<a href=\"https:\/\/jeanmarcmouchet.fr\/index.php\/team\/livre-iii\/\" class=\"btn btn-primary\">En savoir plus<\/a>\n\t<\/div>\n<\/div>\n\n<h6 class=\"team-listing_name\"><a href=\"https:\/\/jeanmarcmouchet.fr\/index.php\/team\/livre-iii\/\">Couture<\/a><\/h6>\n\n\n\n\n<\/div><!--\/.team-item--><\/div><\/div><\/div><\/div>\r\n\t\t\t\t<\/div>\n\t\t\t\t<\/div>\n\t\t\t\t\t<\/div>\n\t\t<\/div>\n\t\t\t\t\t\t\t<\/div>\n\t\t<\/section>\n\t\t\t\t\t\t\t<\/div>\n\t\t","protected":false},"excerpt":{"rendered":"<p>Nous vous invitons \u00e0 feuilleter notre collection de livres qui comprend \u00e0 ce jour 3 volumes.Si vous souhaitez recevoir un exemplaire imprim\u00e9, merci de cliquer sur\u00a0le lien suivant.<\/p>\n","protected":false},"author":1,"featured_media":0,"parent":0,"menu_order":0,"comment_status":"closed","ping_status":"closed","template":"","meta":{"footnotes":""},"class_list":["post-2631","page","type-page","status-publish","hentry","has-thumb"],"_links":{"self":[{"href":"https:\/\/jeanmarcmouchet.fr\/index.php\/wp-json\/wp\/v2\/pages\/2631","targetHints":{"allow":["GET"]}}],"collection":[{"href":"https:\/\/jeanmarcmouchet.fr\/index.php\/wp-json\/wp\/v2\/pages"}],"about":[{"href":"https:\/\/jeanmarcmouchet.fr\/index.php\/wp-json\/wp\/v2\/types\/page"}],"author":[{"embeddable":true,"href":"https:\/\/jeanmarcmouchet.fr\/index.php\/wp-json\/wp\/v2\/users\/1"}],"replies":[{"embeddable":true,"href":"https:\/\/jeanmarcmouchet.fr\/index.php\/wp-json\/wp\/v2\/comments?post=2631"}],"version-history":[{"count":11,"href":"https:\/\/jeanmarcmouchet.fr\/index.php\/wp-json\/wp\/v2\/pages\/2631\/revisions"}],"predecessor-version":[{"id":6213,"href":"https:\/\/jeanmarcmouchet.fr\/index.php\/wp-json\/wp\/v2\/pages\/2631\/revisions\/6213"}],"wp:attachment":[{"href":"https:\/\/jeanmarcmouchet.fr\/index.php\/wp-json\/wp\/v2\/media?parent=2631"}],"curies":[{"name":"wp","href":"https:\/\/api.w.org\/{rel}","templated":true}]}}